{"id":1835,"date":"2024-03-15T13:27:15","date_gmt":"2024-03-15T13:27:15","guid":{"rendered":"https:\/\/demo.awaikenthemes.com\/solor\/?page_id=1835"},"modified":"2025-10-01T10:39:43","modified_gmt":"2025-10-01T10:39:43","slug":"faqs","status":"publish","type":"page","link":"https:\/\/erguenerji.com\/?page_id=1835","title":{"rendered":"FAQs"},"content":{"rendered":"\t\t<div data-elementor-type=\"wp-page\" data-elementor-id=\"1835\" class=\"elementor elementor-1835\" data-elementor-post-type=\"page\">\n\t\t\t\t<div class=\"elementor-element elementor-element-31d590a parallaxie e-flex e-con-boxed e-con e-parent\" data-id=\"31d590a\" data-element_type=\"container\" data-settings=\"{&quot;background_background&quot;:&quot;classic&quot;}\">\n\t\t\t\t\t<div class=\"e-con-inner\">\n\t\t<div class=\"elementor-element elementor-element-46da085 e-con-full e-flex e-con e-child\" data-id=\"46da085\" data-element_type=\"container\">\n\t\t\t\t<div class=\"elementor-element elementor-element-d8a15d5 solor-heading-animation solor-animation-heading-style-2 elementor-widget elementor-widget-heading\" data-id=\"d8a15d5\" data-element_type=\"widget\" data-settings=\"{&quot;ekit_we_effect_on&quot;:&quot;none&quot;}\" data-widget_type=\"heading.default\">\n\t\t\t\t<div class=\"elementor-widget-container\">\n\t\t\t\t\t<h1 class=\"elementor-heading-title elementor-size-default\">S\u0131k\u00e7a Sorulan Sorular<\/h1>\t\t\t\t<\/div>\n\t\t\t\t<\/div>\n\t\t\t\t<\/div>\n\t\t\t\t\t<\/div>\n\t\t\t\t<\/div>\n\t\t<div class=\"elementor-element elementor-element-0ea465f e-flex e-con-boxed e-con e-parent\" data-id=\"0ea465f\" data-element_type=\"container\">\n\t\t\t\t\t<div class=\"e-con-inner\">\n\t\t<div class=\"elementor-element elementor-element-789516c e-con-full e-flex elementor-invisible e-con e-child\" data-id=\"789516c\" data-element_type=\"container\" data-settings=\"{&quot;animation&quot;:&quot;fadeInUp&quot;}\">\n\t\t\t\t<div class=\"elementor-element elementor-element-9d1a98b elementor-widget elementor-widget-elementskit-accordion\" data-id=\"9d1a98b\" data-element_type=\"widget\" data-settings=\"{&quot;ekit_we_effect_on&quot;:&quot;none&quot;}\" data-widget_type=\"elementskit-accordion.default\">\n\t\t\t\t<div class=\"elementor-widget-container\">\n\t\t\t\t\t<div class=\"ekit-wid-con\" >\n        <div class=\"elementskit-accordion accoedion-primary\" id=\"accordion-69e1be6804703\">\n\n            \n                <div class=\"elementskit-card active\">\n                    <div class=\"elementskit-card-header\" id=\"primaryHeading-0-9d1a98b\">\n                        <a href=\"#collapse-9a4b69869e1be6804703\" class=\"ekit-accordion--toggler elementskit-btn-link collapsed\" data-ekit-toggle=\"collapse\" data-target=\"#Collapse-9a4b69869e1be6804703\" aria-expanded=\"true\" aria-controls=\"Collapse-9a4b69869e1be6804703\">\n                            \n                            <span class=\"ekit-accordion-title\">Ergu Enerji hangi alanlarda hizmet veriyor?<\/span>\n\n                            \n                                <div class=\"ekit_accordion_icon_group\">\n                                    <div class=\"ekit_accordion_normal_icon\">\n                                        <!-- Normal Icon -->\n\t\t\t\t\t\t\t\t\t\t<i class=\"fas fa-chevron-down\"><\/i>                                    <\/div>\n\n                                    <div class=\"ekit_accordion_active_icon\">\n                                        <!-- Active Icon -->\n\t\t\t\t\t\t\t\t\t\t<i class=\"fas fa-chevron-up\"><\/i>                                    <\/div>\n                                <\/div>\n\n                            \n                                                    <\/a>\n                    <\/div>\n\n                    <div id=\"Collapse-9a4b69869e1be6804703\" class=\" show collapse\" aria-labelledby=\"primaryHeading-0-9d1a98b\" data-parent=\"#accordion-69e1be6804703\">\n\n                        <div class=\"elementskit-card-body ekit-accordion--content\">\n                            <p>G\u00fcne\u015f enerjisi sistemleri, biyok\u00fctle santralleri, enerji da\u011f\u0131t\u0131m \u00e7\u00f6z\u00fcmleri, transformat\u00f6r ve panolar, k\u00f6\u015fkler, kablo &amp; aksesuarlar ve ayd\u0131nlatma sistemleri gibi geni\u015f bir yelpazede hizmet sunuyoruz.<\/p><p>\u00a0<\/p>                        <\/div>\n\n                    <\/div>\n\n                <\/div><!-- .elementskit-card END -->\n\n                \n                <div class=\"elementskit-card \">\n                    <div class=\"elementskit-card-header\" id=\"primaryHeading-1-9d1a98b\">\n                        <a href=\"#collapse-0a477a169e1be6804703\" class=\"ekit-accordion--toggler elementskit-btn-link collapsed\" data-ekit-toggle=\"collapse\" data-target=\"#Collapse-0a477a169e1be6804703\" aria-expanded=\"false\" aria-controls=\"Collapse-0a477a169e1be6804703\">\n                            \n                            <span class=\"ekit-accordion-title\">Yenilenebilir enerji \u00e7\u00f6z\u00fcmleriniz neler?<\/span>\n\n                            \n                                <div class=\"ekit_accordion_icon_group\">\n                                    <div class=\"ekit_accordion_normal_icon\">\n                                        <!-- Normal Icon -->\n\t\t\t\t\t\t\t\t\t\t<i class=\"fas fa-chevron-down\"><\/i>                                    <\/div>\n\n                                    <div class=\"ekit_accordion_active_icon\">\n                                        <!-- Active Icon -->\n\t\t\t\t\t\t\t\t\t\t<i class=\"fas fa-chevron-up\"><\/i>                                    <\/div>\n                                <\/div>\n\n                            \n                                                    <\/a>\n                    <\/div>\n\n                    <div id=\"Collapse-0a477a169e1be6804703\" class=\" collapse\" aria-labelledby=\"primaryHeading-1-9d1a98b\" data-parent=\"#accordion-69e1be6804703\">\n\n                        <div class=\"elementskit-card-body ekit-accordion--content\">\n                            <p>G\u00fcne\u015f enerjisi (GES), biyok\u00fctle ve s\u00fcrd\u00fcr\u00fclebilir enerji altyap\u0131 \u00e7\u00f6z\u00fcmleri ile \u00e7evre dostu ve uzun vadeli yat\u0131r\u0131mlar sa\u011fl\u0131yoruz.<\/p><p>\u00a0<\/p>                        <\/div>\n\n                    <\/div>\n\n                <\/div><!-- .elementskit-card END -->\n\n                \n                <div class=\"elementskit-card \">\n                    <div class=\"elementskit-card-header\" id=\"primaryHeading-2-9d1a98b\">\n                        <a href=\"#collapse-b09478b69e1be6804703\" class=\"ekit-accordion--toggler elementskit-btn-link collapsed\" data-ekit-toggle=\"collapse\" data-target=\"#Collapse-b09478b69e1be6804703\" aria-expanded=\"false\" aria-controls=\"Collapse-b09478b69e1be6804703\">\n                            \n                            <span class=\"ekit-accordion-title\">Enerji projelerinde kurulum s\u00fcreci nas\u0131l ilerliyor?<\/span>\n\n                            \n                                <div class=\"ekit_accordion_icon_group\">\n                                    <div class=\"ekit_accordion_normal_icon\">\n                                        <!-- Normal Icon -->\n\t\t\t\t\t\t\t\t\t\t<i class=\"fas fa-chevron-down\"><\/i>                                    <\/div>\n\n                                    <div class=\"ekit_accordion_active_icon\">\n                                        <!-- Active Icon -->\n\t\t\t\t\t\t\t\t\t\t<i class=\"fas fa-chevron-up\"><\/i>                                    <\/div>\n                                <\/div>\n\n                            \n                                                    <\/a>\n                    <\/div>\n\n                    <div id=\"Collapse-b09478b69e1be6804703\" class=\" collapse\" aria-labelledby=\"primaryHeading-2-9d1a98b\" data-parent=\"#accordion-69e1be6804703\">\n\n                        <div class=\"elementskit-card-body ekit-accordion--content\">\n                            <p>\u0130htiya\u00e7 analizi ve ke\u015fif \u00e7al\u0131\u015fmas\u0131 ile ba\u015fl\u0131yor, ard\u0131ndan projelendirme, \u00fcretim, kurulum ve devreye alma a\u015famalar\u0131yla tamamlan\u0131yor.<\/p><p>\u00a0<\/p>                        <\/div>\n\n                    <\/div>\n\n                <\/div><!-- .elementskit-card END -->\n\n                \n                <div class=\"elementskit-card \">\n                    <div class=\"elementskit-card-header\" id=\"primaryHeading-3-9d1a98b\">\n                        <a href=\"#collapse-32d87b869e1be6804703\" class=\"ekit-accordion--toggler elementskit-btn-link collapsed\" data-ekit-toggle=\"collapse\" data-target=\"#Collapse-32d87b869e1be6804703\" aria-expanded=\"false\" aria-controls=\"Collapse-32d87b869e1be6804703\">\n                            \n                            <span class=\"ekit-accordion-title\">Sat\u0131\u015f sonras\u0131 destek sa\u011fl\u0131yor musunuz?<\/span>\n\n                            \n                                <div class=\"ekit_accordion_icon_group\">\n                                    <div class=\"ekit_accordion_normal_icon\">\n                                        <!-- Normal Icon -->\n\t\t\t\t\t\t\t\t\t\t<i class=\"fas fa-chevron-down\"><\/i>                                    <\/div>\n\n                                    <div class=\"ekit_accordion_active_icon\">\n                                        <!-- Active Icon -->\n\t\t\t\t\t\t\t\t\t\t<i class=\"fas fa-chevron-up\"><\/i>                                    <\/div>\n                                <\/div>\n\n                            \n                                                    <\/a>\n                    <\/div>\n\n                    <div id=\"Collapse-32d87b869e1be6804703\" class=\" collapse\" aria-labelledby=\"primaryHeading-3-9d1a98b\" data-parent=\"#accordion-69e1be6804703\">\n\n                        <div class=\"elementskit-card-body ekit-accordion--content\">\n                            <p>Evet. Ergu Enerji, projeler tamamland\u0131ktan sonra da bak\u0131m, teknik destek ve dan\u0131\u015fmanl\u0131k hizmetleri ile m\u00fc\u015fterilerinin yan\u0131nda olur.<\/p><p>\u00a0<\/p>                        <\/div>\n\n                    <\/div>\n\n                <\/div><!-- .elementskit-card END -->\n\n                \n                <div class=\"elementskit-card \">\n                    <div class=\"elementskit-card-header\" id=\"primaryHeading-4-9d1a98b\">\n                        <a href=\"#collapse-87eeee069e1be6804703\" class=\"ekit-accordion--toggler elementskit-btn-link collapsed\" data-ekit-toggle=\"collapse\" data-target=\"#Collapse-87eeee069e1be6804703\" aria-expanded=\"false\" aria-controls=\"Collapse-87eeee069e1be6804703\">\n                            \n                            <span class=\"ekit-accordion-title\">Ergu Enerji\u2019nin fark\u0131 nedir?<\/span>\n\n                            \n                                <div class=\"ekit_accordion_icon_group\">\n                                    <div class=\"ekit_accordion_normal_icon\">\n                                        <!-- Normal Icon -->\n\t\t\t\t\t\t\t\t\t\t<i class=\"fas fa-chevron-down\"><\/i>                                    <\/div>\n\n                                    <div class=\"ekit_accordion_active_icon\">\n                                        <!-- Active Icon -->\n\t\t\t\t\t\t\t\t\t\t<i class=\"fas fa-chevron-up\"><\/i>                                    <\/div>\n                                <\/div>\n\n                            \n                                                    <\/a>\n                    <\/div>\n\n                    <div id=\"Collapse-87eeee069e1be6804703\" class=\" collapse\" aria-labelledby=\"primaryHeading-4-9d1a98b\" data-parent=\"#accordion-69e1be6804703\">\n\n                        <div class=\"elementskit-card-body ekit-accordion--content\">\n                            <p>Y\u00fcksek kalite standartlar\u0131, m\u00fc\u015fteri odakl\u0131 \u00e7\u00f6z\u00fcmler, s\u00fcrd\u00fcr\u00fclebilirlik anlay\u0131\u015f\u0131 ve uzun \u00f6m\u00fcrl\u00fc sistemler ile g\u00fcvenilir enerji \u00e7\u00f6z\u00fcmleri sunuyoruz.<\/p>                        <\/div>\n\n                    <\/div>\n\n                <\/div><!-- .elementskit-card END -->\n\n                \n                <div class=\"elementskit-card \">\n                    <div class=\"elementskit-card-header\" id=\"primaryHeading-5-9d1a98b\">\n                        <a href=\"#collapse-a60234269e1be6804703\" class=\"ekit-accordion--toggler elementskit-btn-link collapsed\" data-ekit-toggle=\"collapse\" data-target=\"#Collapse-a60234269e1be6804703\" aria-expanded=\"false\" aria-controls=\"Collapse-a60234269e1be6804703\">\n                            \n                            <span class=\"ekit-accordion-title\">GES panosu nedir ve neden \u00f6nemlidir?<\/span>\n\n                            \n                                <div class=\"ekit_accordion_icon_group\">\n                                    <div class=\"ekit_accordion_normal_icon\">\n                                        <!-- Normal Icon -->\n\t\t\t\t\t\t\t\t\t\t<i class=\"fas fa-chevron-down\"><\/i>                                    <\/div>\n\n                                    <div class=\"ekit_accordion_active_icon\">\n                                        <!-- Active Icon -->\n\t\t\t\t\t\t\t\t\t\t<i class=\"fas fa-chevron-up\"><\/i>                                    <\/div>\n                                <\/div>\n\n                            \n                                                    <\/a>\n                    <\/div>\n\n                    <div id=\"Collapse-a60234269e1be6804703\" class=\" collapse\" aria-labelledby=\"primaryHeading-5-9d1a98b\" data-parent=\"#accordion-69e1be6804703\">\n\n                        <div class=\"elementskit-card-body ekit-accordion--content\">\n                            <p>GES panosu, g\u00fcne\u015f enerjisinden elde edilen elektri\u011fin g\u00fcvenli \u015fekilde y\u00f6netilmesini sa\u011flar. Sistemin g\u00fcvenli\u011fi ve verimlili\u011fi i\u00e7in kritik \u00f6neme sahiptir.<\/p><p>\u00a0<\/p>                        <\/div>\n\n                    <\/div>\n\n                <\/div><!-- .elementskit-card END -->\n\n                \n                <div class=\"elementskit-card \">\n                    <div class=\"elementskit-card-header\" id=\"primaryHeading-6-9d1a98b\">\n                        <a href=\"#collapse-c694e7c69e1be6804703\" class=\"ekit-accordion--toggler elementskit-btn-link collapsed\" data-ekit-toggle=\"collapse\" data-target=\"#Collapse-c694e7c69e1be6804703\" aria-expanded=\"false\" aria-controls=\"Collapse-c694e7c69e1be6804703\">\n                            \n                            <span class=\"ekit-accordion-title\">Biyok\u00fctle santrali hangi avantajlar\u0131 sa\u011flar?<\/span>\n\n                            \n                                <div class=\"ekit_accordion_icon_group\">\n                                    <div class=\"ekit_accordion_normal_icon\">\n                                        <!-- Normal Icon -->\n\t\t\t\t\t\t\t\t\t\t<i class=\"fas fa-chevron-down\"><\/i>                                    <\/div>\n\n                                    <div class=\"ekit_accordion_active_icon\">\n                                        <!-- Active Icon -->\n\t\t\t\t\t\t\t\t\t\t<i class=\"fas fa-chevron-up\"><\/i>                                    <\/div>\n                                <\/div>\n\n                            \n                                                    <\/a>\n                    <\/div>\n\n                    <div id=\"Collapse-c694e7c69e1be6804703\" class=\" collapse\" aria-labelledby=\"primaryHeading-6-9d1a98b\" data-parent=\"#accordion-69e1be6804703\">\n\n                        <div class=\"elementskit-card-body ekit-accordion--content\">\n                            <p>At\u0131klar\u0131 enerjiye d\u00f6n\u00fc\u015ft\u00fcr\u00fcr, \u00e7evreye katk\u0131 sa\u011flar, enerji maliyetlerini azalt\u0131r ve s\u00fcrd\u00fcr\u00fclebilirlik hedeflerini destekler.<\/p><p>\u00a0<\/p>                        <\/div>\n\n                    <\/div>\n\n                <\/div><!-- .elementskit-card END -->\n\n                \n                <div class=\"elementskit-card \">\n                    <div class=\"elementskit-card-header\" id=\"primaryHeading-7-9d1a98b\">\n                        <a href=\"#collapse-8c15cdd69e1be6804703\" class=\"ekit-accordion--toggler elementskit-btn-link collapsed\" data-ekit-toggle=\"collapse\" data-target=\"#Collapse-8c15cdd69e1be6804703\" aria-expanded=\"false\" aria-controls=\"Collapse-8c15cdd69e1be6804703\">\n                            \n                            <span class=\"ekit-accordion-title\">K\u00f6\u015fk \u00e7e\u015fitleriniz aras\u0131nda fark nedir?<\/span>\n\n                            \n                                <div class=\"ekit_accordion_icon_group\">\n                                    <div class=\"ekit_accordion_normal_icon\">\n                                        <!-- Normal Icon -->\n\t\t\t\t\t\t\t\t\t\t<i class=\"fas fa-chevron-down\"><\/i>                                    <\/div>\n\n                                    <div class=\"ekit_accordion_active_icon\">\n                                        <!-- Active Icon -->\n\t\t\t\t\t\t\t\t\t\t<i class=\"fas fa-chevron-up\"><\/i>                                    <\/div>\n                                <\/div>\n\n                            \n                                                    <\/a>\n                    <\/div>\n\n                    <div id=\"Collapse-8c15cdd69e1be6804703\" class=\" collapse\" aria-labelledby=\"primaryHeading-7-9d1a98b\" data-parent=\"#accordion-69e1be6804703\">\n\n                        <div class=\"elementskit-card-body ekit-accordion--content\">\n                            <p>Beton k\u00f6\u015fk daha dayan\u0131kl\u0131 ve kal\u0131c\u0131d\u0131r; sac k\u00f6\u015fk hafif ve ta\u015f\u0131nabilirdir; prefabrik k\u00f6\u015fk ise h\u0131zl\u0131 kuruluma ve ta\u015f\u0131nabilir \u00e7\u00f6z\u00fcmlere uygundur.<\/p><p>\u00a0<\/p>                        <\/div>\n\n                    <\/div>\n\n                <\/div><!-- .elementskit-card END -->\n\n                \n                <div class=\"elementskit-card \">\n                    <div class=\"elementskit-card-header\" id=\"primaryHeading-8-9d1a98b\">\n                        <a href=\"#collapse-640085569e1be6804703\" class=\"ekit-accordion--toggler elementskit-btn-link collapsed\" data-ekit-toggle=\"collapse\" data-target=\"#Collapse-640085569e1be6804703\" aria-expanded=\"false\" aria-controls=\"Collapse-640085569e1be6804703\">\n                            \n                            <span class=\"ekit-accordion-title\">Fabrikalar i\u00e7in nas\u0131l \u00e7\u00f6z\u00fcmler sunuyorsunuz?<\/span>\n\n                            \n                                <div class=\"ekit_accordion_icon_group\">\n                                    <div class=\"ekit_accordion_normal_icon\">\n                                        <!-- Normal Icon -->\n\t\t\t\t\t\t\t\t\t\t<i class=\"fas fa-chevron-down\"><\/i>                                    <\/div>\n\n                                    <div class=\"ekit_accordion_active_icon\">\n                                        <!-- Active Icon -->\n\t\t\t\t\t\t\t\t\t\t<i class=\"fas fa-chevron-up\"><\/i>                                    <\/div>\n                                <\/div>\n\n                            \n                                                    <\/a>\n                    <\/div>\n\n                    <div id=\"Collapse-640085569e1be6804703\" class=\" collapse\" aria-labelledby=\"primaryHeading-8-9d1a98b\" data-parent=\"#accordion-69e1be6804703\">\n\n                        <div class=\"elementskit-card-body ekit-accordion--content\">\n                            <p>Y\u00fcksek kapasiteli enerji sistemleri, trafo panolar\u0131 ve kesintisiz enerji \u00e7\u00f6z\u00fcmleriyle \u00fcretim s\u00fcre\u00e7lerini g\u00fcvence alt\u0131na al\u0131yoruz.<\/p><p>\u00a0<\/p>                        <\/div>\n\n                    <\/div>\n\n                <\/div><!-- .elementskit-card END -->\n\n                \n                <div class=\"elementskit-card \">\n                    <div class=\"elementskit-card-header\" id=\"primaryHeading-9-9d1a98b\">\n                        <a href=\"#collapse-81d17b369e1be6804703\" class=\"ekit-accordion--toggler elementskit-btn-link collapsed\" data-ekit-toggle=\"collapse\" data-target=\"#Collapse-81d17b369e1be6804703\" aria-expanded=\"false\" aria-controls=\"Collapse-81d17b369e1be6804703\">\n                            \n                            <span class=\"ekit-accordion-title\">Enerji \u00e7\u00f6z\u00fcmleriniz \u00e7evre dostu mu?<\/span>\n\n                            \n                                <div class=\"ekit_accordion_icon_group\">\n                                    <div class=\"ekit_accordion_normal_icon\">\n                                        <!-- Normal Icon -->\n\t\t\t\t\t\t\t\t\t\t<i class=\"fas fa-chevron-down\"><\/i>                                    <\/div>\n\n                                    <div class=\"ekit_accordion_active_icon\">\n                                        <!-- Active Icon -->\n\t\t\t\t\t\t\t\t\t\t<i class=\"fas fa-chevron-up\"><\/i>                                    <\/div>\n                                <\/div>\n\n                            \n                                                    <\/a>\n                    <\/div>\n\n                    <div id=\"Collapse-81d17b369e1be6804703\" class=\" collapse\" aria-labelledby=\"primaryHeading-9-9d1a98b\" data-parent=\"#accordion-69e1be6804703\">\n\n                        <div class=\"elementskit-card-body ekit-accordion--content\">\n                            <p>Evet. Yenilenebilir enerji kaynaklar\u0131na dayal\u0131 altyap\u0131lar\u0131m\u0131z karbon ayak izini k\u00fc\u00e7\u00fclt\u00fcr ve \u00e7evresel s\u00fcrd\u00fcr\u00fclebilirli\u011fi destekler.<\/p>                        <\/div>\n\n                    <\/div>\n\n                <\/div><!-- .elementskit-card END -->\n\n                                        <\/div>\n    <\/div>\t\t\t\t<\/div>\n\t\t\t\t<\/div>\n\t\t\t\t<\/div>\n\t\t\t\t\t<\/div>\n\t\t\t\t<\/div>\n\t\t\t\t<\/div>\n\t\t","protected":false},"excerpt":{"rendered":"<p>S\u0131k\u00e7a Sorulan Sorular Ergu Enerji hangi alanlarda hizmet veriyor? G\u00fcne\u015f enerjisi sistemleri, biyok\u00fctle santralleri, enerji da\u011f\u0131t\u0131m \u00e7\u00f6z\u00fcmleri, transformat\u00f6r ve panolar, k\u00f6\u015fkler, kablo &amp; aksesuarlar ve ayd\u0131nlatma sistemleri gibi geni\u015f bir yelpazede hizmet sunuyoruz. \u00a0 Yenilenebilir enerji \u00e7\u00f6z\u00fcmleriniz neler? G\u00fcne\u015f enerjisi (GES), biyok\u00fctle ve s\u00fcrd\u00fcr\u00fclebilir enerji altyap\u0131 \u00e7\u00f6z\u00fcmleri ile \u00e7evre dostu ve uzun vadeli yat\u0131r\u0131mlar sa\u011fl\u0131yoruz. [&hellip;]<\/p>\n","protected":false},"author":1,"featured_media":0,"parent":0,"menu_order":0,"comment_status":"closed","ping_status":"closed","template":"elementor_header_footer","meta":{"footnotes":""},"class_list":["post-1835","page","type-page","status-publish","hentry"],"_links":{"self":[{"href":"https:\/\/erguenerji.com\/index.php?rest_route=\/wp\/v2\/pages\/1835","targetHints":{"allow":["GET"]}}],"collection":[{"href":"https:\/\/erguenerji.com\/index.php?rest_route=\/wp\/v2\/pages"}],"about":[{"href":"https:\/\/erguenerji.com\/index.php?rest_route=\/wp\/v2\/types\/page"}],"author":[{"embeddable":true,"href":"https:\/\/erguenerji.com\/index.php?rest_route=\/wp\/v2\/users\/1"}],"replies":[{"embeddable":true,"href":"https:\/\/erguenerji.com\/index.php?rest_route=%2Fwp%2Fv2%2Fcomments&post=1835"}],"version-history":[{"count":3,"href":"https:\/\/erguenerji.com\/index.php?rest_route=\/wp\/v2\/pages\/1835\/revisions"}],"predecessor-version":[{"id":10419,"href":"https:\/\/erguenerji.com\/index.php?rest_route=\/wp\/v2\/pages\/1835\/revisions\/10419"}],"wp:attachment":[{"href":"https:\/\/erguenerji.com\/index.php?rest_route=%2Fwp%2Fv2%2Fmedia&parent=1835"}],"curies":[{"name":"wp","href":"https:\/\/api.w.org\/{rel}","templated":true}]}}