{"id":9814,"date":"2025-09-29T12:17:07","date_gmt":"2025-09-29T12:17:07","guid":{"rendered":"https:\/\/erguenerji.com\/?page_id=9814"},"modified":"2025-10-01T11:33:44","modified_gmt":"2025-10-01T11:33:44","slug":"beton-kosk-sac-kosk-prefabrik-binalar","status":"publish","type":"page","link":"https:\/\/erguenerji.com\/?page_id=9814","title":{"rendered":"Sac K\u00f6\u015fk"},"content":{"rendered":"\t\t<div data-elementor-type=\"wp-page\" data-elementor-id=\"9814\" class=\"elementor elementor-9814\" data-elementor-post-type=\"page\">\n\t\t\t\t<div class=\"elementor-element elementor-element-ae5369a parallaxie e-flex e-con-boxed e-con e-parent\" data-id=\"ae5369a\" data-element_type=\"container\" data-settings=\"{&quot;background_background&quot;:&quot;classic&quot;}\">\n\t\t\t\t\t<div class=\"e-con-inner\">\n\t\t<div class=\"elementor-element elementor-element-44be0edc e-con-full e-flex e-con e-child\" data-id=\"44be0edc\" data-element_type=\"container\">\n\t\t\t\t<div class=\"elementor-element elementor-element-21cb91ac solor-heading-animation solor-animation-heading-style-2 elementor-widget elementor-widget-heading\" data-id=\"21cb91ac\" data-element_type=\"widget\" data-settings=\"{&quot;ekit_we_effect_on&quot;:&quot;none&quot;}\" data-widget_type=\"heading.default\">\n\t\t\t\t<div class=\"elementor-widget-container\">\n\t\t\t\t\t<h1 class=\"elementor-heading-title elementor-size-default\">Sac K\u00f6\u015fk<\/h1>\t\t\t\t<\/div>\n\t\t\t\t<\/div>\n\t\t\t\t<\/div>\n\t\t\t\t\t<\/div>\n\t\t\t\t<\/div>\n\t\t<div class=\"elementor-element elementor-element-75576cf3 e-flex e-con-boxed e-con e-parent\" data-id=\"75576cf3\" data-element_type=\"container\">\n\t\t\t\t\t<div class=\"e-con-inner\">\n\t\t<div class=\"elementor-element elementor-element-33b54416 e-con-full e-flex elementor-invisible e-con e-child\" data-id=\"33b54416\" data-element_type=\"container\" data-settings=\"{&quot;animation&quot;:&quot;fadeInUp&quot;}\">\n\t\t\t\t<div class=\"elementor-element elementor-element-5848046e ekit-sticky--column elementor-widget elementor-widget-sidebar\" data-id=\"5848046e\" data-element_type=\"widget\" data-settings=\"{&quot;ekit_sticky&quot;:&quot;column&quot;,&quot;ekit_sticky_offset&quot;:{&quot;unit&quot;:&quot;px&quot;,&quot;size&quot;:40,&quot;sizes&quot;:[]},&quot;ekit_we_effect_on&quot;:&quot;none&quot;,&quot;ekit_sticky_offset_tablet&quot;:{&quot;unit&quot;:&quot;px&quot;,&quot;size&quot;:&quot;&quot;,&quot;sizes&quot;:[]},&quot;ekit_sticky_offset_mobile&quot;:{&quot;unit&quot;:&quot;px&quot;,&quot;size&quot;:&quot;&quot;,&quot;sizes&quot;:[]},&quot;ekit_sticky_on_desktop&quot;:&quot;desktop&quot;,&quot;ekit_sticky_effect_offset&quot;:{&quot;unit&quot;:&quot;px&quot;,&quot;size&quot;:0,&quot;sizes&quot;:[]},&quot;ekit_sticky_effect_offset_tablet&quot;:{&quot;unit&quot;:&quot;px&quot;,&quot;size&quot;:&quot;&quot;,&quot;sizes&quot;:[]},&quot;ekit_sticky_effect_offset_mobile&quot;:{&quot;unit&quot;:&quot;px&quot;,&quot;size&quot;:&quot;&quot;,&quot;sizes&quot;:[]}}\" data-widget_type=\"sidebar.default\">\n\t\t\t\t<div class=\"elementor-widget-container\">\n\t\t\t\t\t<aside id=\"nav_menu-2\" class=\"widget widget_nav_menu\"><div class=\"menu-urunler-menusu-container\"><ul id=\"menu-urunler-menusu\" class=\"menu\"><li id=\"menu-item-9931\" class=\"menu-item menu-item-type-post_type menu-item-object-page menu-item-9931\"><a href=\"https:\/\/erguenerji.com\/?page_id=9873\">Ak\u0131m ve Gerilim Trafosu<\/a><\/li>\n<li id=\"menu-item-9932\" class=\"menu-item menu-item-type-post_type menu-item-object-page menu-item-9932\"><a href=\"https:\/\/erguenerji.com\/?page_id=9846\">Al\u00e7ak Gerilim Da\u011f\u0131t\u0131m Panolar\u0131<\/a><\/li>\n<li id=\"menu-item-9933\" class=\"menu-item menu-item-type-post_type menu-item-object-page menu-item-9933\"><a href=\"https:\/\/erguenerji.com\/?page_id=9902\">Ara\u00e7 \u015earj \u0130stasyonlar\u0131<\/a><\/li>\n<li id=\"menu-item-9934\" class=\"menu-item menu-item-type-post_type menu-item-object-page menu-item-9934\"><a href=\"https:\/\/erguenerji.com\/?page_id=9834\">Ayd\u0131nlatma Dire\u011fi<\/a><\/li>\n<li id=\"menu-item-9935\" class=\"menu-item menu-item-type-post_type menu-item-object-page menu-item-9935\"><a href=\"https:\/\/erguenerji.com\/?page_id=9814\">Beton K\u00f6\u015fk \u2013 Sac K\u00f6\u015fk \u2013 Prefabrik Binalar<\/a><\/li>\n<li id=\"menu-item-9936\" class=\"menu-item menu-item-type-post_type menu-item-object-page menu-item-9936\"><a href=\"https:\/\/erguenerji.com\/?page_id=9808\">Beton K\u00f6\u015fk Binalar<\/a><\/li>\n<li id=\"menu-item-9937\" class=\"menu-item menu-item-type-post_type menu-item-object-page menu-item-9937\"><a href=\"https:\/\/erguenerji.com\/?page_id=9885\">Busbar<\/a><\/li>\n<li id=\"menu-item-9938\" class=\"menu-item menu-item-type-post_type menu-item-object-page menu-item-9938\"><a href=\"https:\/\/erguenerji.com\/?page_id=9858\">Fabrika Panosu<\/a><\/li>\n<li id=\"menu-item-9939\" class=\"menu-item menu-item-type-post_type menu-item-object-page menu-item-9939\"><a href=\"https:\/\/erguenerji.com\/?page_id=9799\">Gaz \u0130zoleli H\u00fccre\u200b<\/a><\/li>\n<li id=\"menu-item-9940\" class=\"menu-item menu-item-type-post_type menu-item-object-page menu-item-9940\"><a href=\"https:\/\/erguenerji.com\/?page_id=9879\">Jenerat\u00f6r<\/a><\/li>\n<li id=\"menu-item-9941\" class=\"menu-item menu-item-type-post_type menu-item-object-page menu-item-9941\"><a href=\"https:\/\/erguenerji.com\/?page_id=9829\">Kablo ve Aksesuarlar<\/a><\/li>\n<li id=\"menu-item-9942\" class=\"menu-item menu-item-type-post_type menu-item-object-page menu-item-9942\"><a href=\"https:\/\/erguenerji.com\/?page_id=9820\">Prefabrik Binalar<\/a><\/li>\n<li id=\"menu-item-9943\" class=\"menu-item menu-item-type-post_type menu-item-object-page menu-item-9943\"><a href=\"https:\/\/erguenerji.com\/?page_id=9890\">R\u00f6le &#038; Scada Malzeme Sat\u0131\u015f ve Uygulamalar\u0131<\/a><\/li>\n<li id=\"menu-item-9944\" class=\"menu-item menu-item-type-post_type menu-item-object-page menu-item-9944\"><a href=\"https:\/\/erguenerji.com\/?page_id=9863\">\u015eantiye Panosu<\/a><\/li>\n<li id=\"menu-item-9945\" class=\"menu-item menu-item-type-post_type menu-item-object-page menu-item-9945\"><a href=\"https:\/\/erguenerji.com\/?page_id=9851\">Trafo Panosu<\/a><\/li>\n<li id=\"menu-item-9946\" class=\"menu-item menu-item-type-post_type menu-item-object-page menu-item-9946\"><a href=\"https:\/\/erguenerji.com\/?page_id=9790\">Transformat\u00f6rler<\/a><\/li>\n<li id=\"menu-item-9947\" class=\"menu-item menu-item-type-post_type menu-item-object-page menu-item-9947\"><a href=\"https:\/\/erguenerji.com\/?page_id=9896\">UPS &#038; Redres\u00f6r<\/a><\/li>\n<\/ul><\/div><\/aside><aside id=\"solor_need_help-3\" class=\"widget widget_solor_need_help\">\t\t\r\n\t\t<div class=\"sidebar-cta-box wow fadeInUp\">\r\n\t\t\t\t\t\t<div class=\"cta-image\">\r\n\t\t\t\t<figure class=\"image-anime\">\r\n\t\t\t\t\t<img decoding=\"async\" src=\"https:\/\/demo.awaikenthemes.com\/solor\/wp-content\/uploads\/2024\/03\/service-cta.jpg\" alt=\"\">\r\n\t\t\t\t<\/figure>\r\n\t\t\t<\/div>\r\n\t\t\t\t\t\t\r\n\t\t\t<div class=\"cta-content\">\r\n\t\t\t\t<div class=\"cta-icon\">\r\n\t\t\t\t\t<i class=\"fa-solid fa-phone-volume\"><\/i>\r\n\t\t\t\t<\/div>\r\n\t\t\t\t\r\n\t\t\t\t\t\t\t\t<h3>Hemen \u0130leti\u015fime Ge\u00e7 !<\/h3>\r\n\t\t\t\t\t\t\t\t\t\t\t\t<p><a href=\"tel:(+90) 312 577 81 88\">(+90) 312 577 81 88<\/a><\/p>\r\n\t\t\t\t\t\t\t<\/div>\r\n\t\t<\/div>\r\n\t\t<\/aside>\t\t\t\t<\/div>\n\t\t\t\t<\/div>\n\t\t\t\t<\/div>\n\t\t<div class=\"elementor-element elementor-element-4eea7c98 e-con-full e-flex e-con e-child\" data-id=\"4eea7c98\" data-element_type=\"container\">\n\t\t<div class=\"elementor-element elementor-element-b33ed1c e-con-full e-flex e-con e-child\" data-id=\"b33ed1c\" data-element_type=\"container\">\n\t\t\t\t<div class=\"elementor-element elementor-element-6819cb2d image-anime solor-image-animation solor-animation-image-none elementor-widget elementor-widget-image\" data-id=\"6819cb2d\" data-element_type=\"widget\" data-settings=\"{&quot;ekit_we_effect_on&quot;:&quot;none&quot;}\" data-widget_type=\"image.default\">\n\t\t\t\t<div class=\"elementor-widget-container\">\n\t\t\t\t\t\t\t\t\t\t\t\t\t\t\t<img fetchpriority=\"high\" decoding=\"async\" width=\"840\" height=\"544\" src=\"https:\/\/erguenerji.com\/wp-content\/uploads\/2025\/09\/sackosk4.jpg\" class=\"attachment-full size-full wp-image-9816\" alt=\"\" srcset=\"https:\/\/erguenerji.com\/wp-content\/uploads\/2025\/09\/sackosk4.jpg 840w, https:\/\/erguenerji.com\/wp-content\/uploads\/2025\/09\/sackosk4-300x194.jpg 300w, https:\/\/erguenerji.com\/wp-content\/uploads\/2025\/09\/sackosk4-768x497.jpg 768w\" sizes=\"(max-width: 840px) 100vw, 840px\" \/>\t\t\t\t\t\t\t\t\t\t\t\t\t\t\t<\/div>\n\t\t\t\t<\/div>\n\t\t\t\t<\/div>\n\t\t<div class=\"elementor-element elementor-element-654b0da7 e-con-full e-flex e-con e-child\" data-id=\"654b0da7\" data-element_type=\"container\">\n\t\t\t\t<div class=\"elementor-element elementor-element-4a341a3 elementor-widget elementor-widget-text-editor\" data-id=\"4a341a3\" data-element_type=\"widget\" data-settings=\"{&quot;ekit_we_effect_on&quot;:&quot;none&quot;}\" data-widget_type=\"text-editor.default\">\n\t\t\t\t<div class=\"elementor-widget-container\">\n\t\t\t\t\t\t\t\t\t<p data-start=\"145\" data-end=\"446\">OG\/AG Beton Da\u011f\u0131t\u0131m ve Transformat\u00f6r Merkezleri, 36 kV\u2019a kadar olan sistem gerilimlerinde kullan\u0131lmak \u00fczere beton mahfazal\u0131, monoblok, kompakt tip \u00f6zelliklerinde TS EN 62271-202 (IEC 62271-202 ) standard\u0131na ve TEDA\u015e MYD ilgili \u015fartnamesine g\u00f6re tasarlanm\u0131\u015ft\u0131r. Standard\u0131n gerektirdi\u011fi t\u00fcm tip deneyler, yurt i\u00e7i ve yurtd\u0131\u015f\u0131nda bulunan akredite laboratuvarlarda tamamlanm\u0131\u015ft\u0131r. Beton Da\u011f\u0131t\u0131m ve Transformat\u00f6r Merkezleri, \u00fc\u00e7 b\u00f6l\u00fcmden olu\u015fmaktad\u0131r; YG anahtarlama \u00fcniteleri b\u00f6l\u00fcm\u00fc, OG da\u011f\u0131t\u0131m transformat\u00f6r b\u00f6l\u00fcm\u00fc, AG da\u011f\u0131t\u0131m panosu b\u00f6l\u00fcm\u00fc. Her b\u00f6l\u00fcm\u00fcn kendisine ait birbirinden ba\u011f\u0131ms\u0131z eri\u015fim kap\u0131lar\u0131 bulunmaktad\u0131r. \u0130htiyaca g\u00f6re farkl\u0131 kap\u0131 ve havaland\u0131rma panjuru konfig\u00fcrasyonlar\u0131 yap\u0131labilir.<\/p>\t\t\t\t\t\t\t\t<\/div>\n\t\t\t\t<\/div>\n\t\t\t\t<\/div>\n\t\t<div class=\"elementor-element elementor-element-7be6515 e-con-full e-flex e-con e-child\" data-id=\"7be6515\" data-element_type=\"container\">\n\t\t<div class=\"elementor-element elementor-element-65358ef2 e-con-full e-flex e-con e-child\" data-id=\"65358ef2\" data-element_type=\"container\">\n\t\t\t\t<div class=\"elementor-element elementor-element-dd0c926 image-anime solor-image-animation solor-animation-image-none elementor-widget elementor-widget-image\" data-id=\"dd0c926\" data-element_type=\"widget\" data-settings=\"{&quot;ekit_we_effect_on&quot;:&quot;none&quot;}\" data-widget_type=\"image.default\">\n\t\t\t\t<div class=\"elementor-widget-container\">\n\t\t\t\t\t\t\t\t\t\t\t\t\t\t\t<img decoding=\"async\" width=\"2048\" height=\"1536\" src=\"https:\/\/erguenerji.com\/wp-content\/uploads\/2025\/09\/sackosk.jpg\" class=\"attachment-full size-full wp-image-9770\" alt=\"\" srcset=\"https:\/\/erguenerji.com\/wp-content\/uploads\/2025\/09\/sackosk.jpg 2048w, https:\/\/erguenerji.com\/wp-content\/uploads\/2025\/09\/sackosk-300x225.jpg 300w, https:\/\/erguenerji.com\/wp-content\/uploads\/2025\/09\/sackosk-1024x768.jpg 1024w, https:\/\/erguenerji.com\/wp-content\/uploads\/2025\/09\/sackosk-768x576.jpg 768w, https:\/\/erguenerji.com\/wp-content\/uploads\/2025\/09\/sackosk-1536x1152.jpg 1536w\" sizes=\"(max-width: 2048px) 100vw, 2048px\" \/>\t\t\t\t\t\t\t\t\t\t\t\t\t\t\t<\/div>\n\t\t\t\t<\/div>\n\t\t\t\t<\/div>\n\t\t<div class=\"elementor-element elementor-element-702ece1 e-con-full e-flex e-con e-child\" data-id=\"702ece1\" data-element_type=\"container\">\n\t\t\t\t<div class=\"elementor-element elementor-element-106a8d2e elementor-widget elementor-widget-heading\" data-id=\"106a8d2e\" data-element_type=\"widget\" data-settings=\"{&quot;ekit_we_effect_on&quot;:&quot;none&quot;}\" data-widget_type=\"heading.default\">\n\t\t\t\t<div class=\"elementor-widget-container\">\n\t\t\t\t\t<h2 class=\"elementor-heading-title elementor-size-default\">Sac K\u00f6\u015fk Nedir?<\/h2>\t\t\t\t<\/div>\n\t\t\t\t<\/div>\n\t\t\t\t<div class=\"elementor-element elementor-element-14b56439 elementor-widget elementor-widget-text-editor\" data-id=\"14b56439\" data-element_type=\"widget\" data-settings=\"{&quot;ekit_we_effect_on&quot;:&quot;none&quot;}\" data-widget_type=\"text-editor.default\">\n\t\t\t\t<div class=\"elementor-widget-container\">\n\t\t\t\t\t\t\t\t\t<p data-start=\"92\" data-end=\"321\">Ergu Enerji, enerji da\u011f\u0131t\u0131m\u0131nda esnek, hafif ve dayan\u0131kl\u0131 \u00e7\u00f6z\u00fcmler sunan sac k\u00f6\u015fk sistemleriyle projelerinize g\u00fcvenilirlik ve kolayl\u0131k kazand\u0131r\u0131r. Mod\u00fcler yap\u0131s\u0131yla farkl\u0131 ihtiya\u00e7lara uyarlanabilir, h\u0131zl\u0131 kurulum imk\u00e2n\u0131 sa\u011flar.<\/p>\t\t\t\t\t\t\t\t<\/div>\n\t\t\t\t<\/div>\n\t\t\t\t<div class=\"elementor-element elementor-element-40b34334 elementor-icon-list--layout-traditional elementor-list-item-link-full_width elementor-widget elementor-widget-icon-list\" data-id=\"40b34334\" data-element_type=\"widget\" data-settings=\"{&quot;ekit_we_effect_on&quot;:&quot;none&quot;}\" data-widget_type=\"icon-list.default\">\n\t\t\t\t<div class=\"elementor-widget-container\">\n\t\t\t\t\t\t\t<ul class=\"elementor-icon-list-items\">\n\t\t\t\t\t\t\t<li class=\"elementor-icon-list-item\">\n\t\t\t\t\t\t\t\t\t\t\t<span class=\"elementor-icon-list-icon\">\n\t\t\t\t\t\t\t<i aria-hidden=\"true\" class=\"fas fa-check-circle\"><\/i>\t\t\t\t\t\t<\/span>\n\t\t\t\t\t\t\t\t\t\t<span class=\"elementor-icon-list-text\">Hafif Yap\u0131 \u2013 Beton k\u00f6\u015fklere g\u00f6re daha kolay ta\u015f\u0131nabilir ve kurulabilir.<\/span>\n\t\t\t\t\t\t\t\t\t<\/li>\n\t\t\t\t\t\t\t\t<li class=\"elementor-icon-list-item\">\n\t\t\t\t\t\t\t\t\t\t\t<span class=\"elementor-icon-list-icon\">\n\t\t\t\t\t\t\t<i aria-hidden=\"true\" class=\"fas fa-check-circle\"><\/i>\t\t\t\t\t\t<\/span>\n\t\t\t\t\t\t\t\t\t\t<span class=\"elementor-icon-list-text\">Dayan\u0131kl\u0131l\u0131k \u2013 \u00c7elik malzeme sayesinde uzun \u00f6m\u00fcrl\u00fc kullan\u0131m.<\/span>\n\t\t\t\t\t\t\t\t\t<\/li>\n\t\t\t\t\t\t\t\t<li class=\"elementor-icon-list-item\">\n\t\t\t\t\t\t\t\t\t\t\t<span class=\"elementor-icon-list-icon\">\n\t\t\t\t\t\t\t<i aria-hidden=\"true\" class=\"fas fa-check-circle\"><\/i>\t\t\t\t\t\t<\/span>\n\t\t\t\t\t\t\t\t\t\t<span class=\"elementor-icon-list-text\">Mod\u00fcler \u00c7\u00f6z\u00fcmler \u2013 Farkl\u0131 proje ihtiya\u00e7lar\u0131na h\u0131zl\u0131 uyum.<\/span>\n\t\t\t\t\t\t\t\t\t<\/li>\n\t\t\t\t\t\t\t\t<li class=\"elementor-icon-list-item\">\n\t\t\t\t\t\t\t\t\t\t\t<span class=\"elementor-icon-list-icon\">\n\t\t\t\t\t\t\t<i aria-hidden=\"true\" class=\"fas fa-check-circle\"><\/i>\t\t\t\t\t\t<\/span>\n\t\t\t\t\t\t\t\t\t\t<span class=\"elementor-icon-list-text\">Ekonomik Avantaj \u2013 Daha d\u00fc\u015f\u00fck maliyetli kurulum ve i\u015fletme.<\/span>\n\t\t\t\t\t\t\t\t\t<\/li>\n\t\t\t\t\t\t<\/ul>\n\t\t\t\t\t\t<\/div>\n\t\t\t\t<\/div>\n\t\t\t\t<\/div>\n\t\t\t\t<\/div>\n\t\t<div class=\"elementor-element elementor-element-37f9da45 e-con-full e-flex e-con e-child\" data-id=\"37f9da45\" data-element_type=\"container\">\n\t\t\t\t<div class=\"elementor-element elementor-element-6d9489b elementor-widget elementor-widget-heading\" data-id=\"6d9489b\" data-element_type=\"widget\" data-settings=\"{&quot;ekit_we_effect_on&quot;:&quot;none&quot;}\" data-widget_type=\"heading.default\">\n\t\t\t\t<div class=\"elementor-widget-container\">\n\t\t\t\t\t<h2 class=\"elementor-heading-title elementor-size-default\">S\u0131k\u00e7a Sorulan Sorular (F.A.Q)<\/h2>\t\t\t\t<\/div>\n\t\t\t\t<\/div>\n\t\t\t\t<div class=\"elementor-element elementor-element-6f91925d elementor-widget elementor-widget-elementskit-accordion\" data-id=\"6f91925d\" data-element_type=\"widget\" data-settings=\"{&quot;ekit_we_effect_on&quot;:&quot;none&quot;}\" data-widget_type=\"elementskit-accordion.default\">\n\t\t\t\t<div class=\"elementor-widget-container\">\n\t\t\t\t\t<div class=\"ekit-wid-con\" >\n        <div class=\"elementskit-accordion accoedion-primary\" id=\"accordion-69e1be5a755ce\">\n\n            \n                <div class=\"elementskit-card active\">\n                    <div class=\"elementskit-card-header\" id=\"primaryHeading-0-6f91925d\">\n                        <a href=\"#collapse-9a4b69869e1be5a755ce\" class=\"ekit-accordion--toggler elementskit-btn-link collapsed\" data-ekit-toggle=\"collapse\" data-target=\"#Collapse-9a4b69869e1be5a755ce\" aria-expanded=\"true\" aria-controls=\"Collapse-9a4b69869e1be5a755ce\">\n                            \n                            <span class=\"ekit-accordion-title\">Sac k\u00f6\u015fk nedir?<\/span>\n\n                            \n                                <div class=\"ekit_accordion_icon_group\">\n                                    <div class=\"ekit_accordion_normal_icon\">\n                                        <!-- Normal Icon -->\n\t\t\t\t\t\t\t\t\t\t<i class=\"fas fa-chevron-down\"><\/i>                                    <\/div>\n\n                                    <div class=\"ekit_accordion_active_icon\">\n                                        <!-- Active Icon -->\n\t\t\t\t\t\t\t\t\t\t<i class=\"fas fa-chevron-up\"><\/i>                                    <\/div>\n                                <\/div>\n\n                            \n                                                    <\/a>\n                    <\/div>\n\n                    <div id=\"Collapse-9a4b69869e1be5a755ce\" class=\" show collapse\" aria-labelledby=\"primaryHeading-0-6f91925d\" data-parent=\"#accordion-69e1be5a755ce\">\n\n                        <div class=\"elementskit-card-body ekit-accordion--content\">\n                            <p>Sac k\u00f6\u015fk, elektrik da\u011f\u0131t\u0131m ekipmanlar\u0131n\u0131 muhafaza eden, \u00e7elik malzemeden \u00fcretilmi\u015f enerji kabinleridir.<\/p>                        <\/div>\n\n                    <\/div>\n\n                <\/div><!-- .elementskit-card END -->\n\n                \n                <div class=\"elementskit-card \">\n                    <div class=\"elementskit-card-header\" id=\"primaryHeading-1-6f91925d\">\n                        <a href=\"#collapse-0a477a169e1be5a755ce\" class=\"ekit-accordion--toggler elementskit-btn-link collapsed\" data-ekit-toggle=\"collapse\" data-target=\"#Collapse-0a477a169e1be5a755ce\" aria-expanded=\"false\" aria-controls=\"Collapse-0a477a169e1be5a755ce\">\n                            \n                            <span class=\"ekit-accordion-title\">Sac k\u00f6\u015fk ile beton k\u00f6\u015fk aras\u0131ndaki fark nedir?<\/span>\n\n                            \n                                <div class=\"ekit_accordion_icon_group\">\n                                    <div class=\"ekit_accordion_normal_icon\">\n                                        <!-- Normal Icon -->\n\t\t\t\t\t\t\t\t\t\t<i class=\"fas fa-chevron-down\"><\/i>                                    <\/div>\n\n                                    <div class=\"ekit_accordion_active_icon\">\n                                        <!-- Active Icon -->\n\t\t\t\t\t\t\t\t\t\t<i class=\"fas fa-chevron-up\"><\/i>                                    <\/div>\n                                <\/div>\n\n                            \n                                                    <\/a>\n                    <\/div>\n\n                    <div id=\"Collapse-0a477a169e1be5a755ce\" class=\" collapse\" aria-labelledby=\"primaryHeading-1-6f91925d\" data-parent=\"#accordion-69e1be5a755ce\">\n\n                        <div class=\"elementskit-card-body ekit-accordion--content\">\n                            <p>Sac k\u00f6\u015fk daha hafif, ta\u015f\u0131nabilir ve ekonomik bir \u00e7\u00f6z\u00fcmd\u00fcr; beton k\u00f6\u015fk ise daha dayan\u0131kl\u0131 ve kal\u0131c\u0131d\u0131r.<\/p>                        <\/div>\n\n                    <\/div>\n\n                <\/div><!-- .elementskit-card END -->\n\n                \n                <div class=\"elementskit-card \">\n                    <div class=\"elementskit-card-header\" id=\"primaryHeading-2-6f91925d\">\n                        <a href=\"#collapse-b09478b69e1be5a755ce\" class=\"ekit-accordion--toggler elementskit-btn-link collapsed\" data-ekit-toggle=\"collapse\" data-target=\"#Collapse-b09478b69e1be5a755ce\" aria-expanded=\"false\" aria-controls=\"Collapse-b09478b69e1be5a755ce\">\n                            \n                            <span class=\"ekit-accordion-title\">Ergu Enerji sac k\u00f6\u015fklerinde hangi \u00f6zellikler \u00f6ne \u00e7\u0131kar?<\/span>\n\n                            \n                                <div class=\"ekit_accordion_icon_group\">\n                                    <div class=\"ekit_accordion_normal_icon\">\n                                        <!-- Normal Icon -->\n\t\t\t\t\t\t\t\t\t\t<i class=\"fas fa-chevron-down\"><\/i>                                    <\/div>\n\n                                    <div class=\"ekit_accordion_active_icon\">\n                                        <!-- Active Icon -->\n\t\t\t\t\t\t\t\t\t\t<i class=\"fas fa-chevron-up\"><\/i>                                    <\/div>\n                                <\/div>\n\n                            \n                                                    <\/a>\n                    <\/div>\n\n                    <div id=\"Collapse-b09478b69e1be5a755ce\" class=\" collapse\" aria-labelledby=\"primaryHeading-2-6f91925d\" data-parent=\"#accordion-69e1be5a755ce\">\n\n                        <div class=\"elementskit-card-body ekit-accordion--content\">\n                            <p>Y\u00fcksek kalite \u00e7elik malzeme, uzun \u00f6m\u00fcrl\u00fc kullan\u0131m, kolay kurulum ve mod\u00fcler tasar\u0131m.<\/p>                        <\/div>\n\n                    <\/div>\n\n                <\/div><!-- .elementskit-card END -->\n\n                \n                <div class=\"elementskit-card \">\n                    <div class=\"elementskit-card-header\" id=\"primaryHeading-3-6f91925d\">\n                        <a href=\"#collapse-32d87b869e1be5a755ce\" class=\"ekit-accordion--toggler elementskit-btn-link collapsed\" data-ekit-toggle=\"collapse\" data-target=\"#Collapse-32d87b869e1be5a755ce\" aria-expanded=\"false\" aria-controls=\"Collapse-32d87b869e1be5a755ce\">\n                            \n                            <span class=\"ekit-accordion-title\">Hangi alanlarda kullan\u0131l\u0131r?<\/span>\n\n                            \n                                <div class=\"ekit_accordion_icon_group\">\n                                    <div class=\"ekit_accordion_normal_icon\">\n                                        <!-- Normal Icon -->\n\t\t\t\t\t\t\t\t\t\t<i class=\"fas fa-chevron-down\"><\/i>                                    <\/div>\n\n                                    <div class=\"ekit_accordion_active_icon\">\n                                        <!-- Active Icon -->\n\t\t\t\t\t\t\t\t\t\t<i class=\"fas fa-chevron-up\"><\/i>                                    <\/div>\n                                <\/div>\n\n                            \n                                                    <\/a>\n                    <\/div>\n\n                    <div id=\"Collapse-32d87b869e1be5a755ce\" class=\" collapse\" aria-labelledby=\"primaryHeading-3-6f91925d\" data-parent=\"#accordion-69e1be5a755ce\">\n\n                        <div class=\"elementskit-card-body ekit-accordion--content\">\n                            <p>Ge\u00e7ici projeler, \u015fantiye sahalar\u0131, sanayi tesisleri ve h\u0131zl\u0131 kurulum gereken enerji altyap\u0131lar\u0131nda tercih edilir.<\/p>                        <\/div>\n\n                    <\/div>\n\n                <\/div><!-- .elementskit-card END -->\n\n                                        <\/div>\n    <\/div>\t\t\t\t<\/div>\n\t\t\t\t<\/div>\n\t\t\t\t<\/div>\n\t\t\t\t<\/div>\n\t\t\t\t\t<\/div>\n\t\t\t\t<\/div>\n\t\t\t\t<\/div>\n\t\t","protected":false},"excerpt":{"rendered":"<p>Sac K\u00f6\u015fk OG\/AG Beton Da\u011f\u0131t\u0131m ve Transformat\u00f6r Merkezleri, 36 kV\u2019a kadar olan sistem gerilimlerinde kullan\u0131lmak \u00fczere beton mahfazal\u0131, monoblok, kompakt tip \u00f6zelliklerinde TS EN 62271-202 (IEC 62271-202 ) standard\u0131na ve TEDA\u015e MYD ilgili \u015fartnamesine g\u00f6re tasarlanm\u0131\u015ft\u0131r. Standard\u0131n gerektirdi\u011fi t\u00fcm tip deneyler, yurt i\u00e7i ve yurtd\u0131\u015f\u0131nda bulunan akredite laboratuvarlarda tamamlanm\u0131\u015ft\u0131r. Beton Da\u011f\u0131t\u0131m ve Transformat\u00f6r Merkezleri, \u00fc\u00e7 [&hellip;]<\/p>\n","protected":false},"author":1,"featured_media":0,"parent":9761,"menu_order":0,"comment_status":"closed","ping_status":"closed","template":"elementor_header_footer","meta":{"footnotes":""},"class_list":["post-9814","page","type-page","status-publish","hentry"],"_links":{"self":[{"href":"https:\/\/erguenerji.com\/index.php?rest_route=\/wp\/v2\/pages\/9814","targetHints":{"allow":["GET"]}}],"collection":[{"href":"https:\/\/erguenerji.com\/index.php?rest_route=\/wp\/v2\/pages"}],"about":[{"href":"https:\/\/erguenerji.com\/index.php?rest_route=\/wp\/v2\/types\/page"}],"author":[{"embeddable":true,"href":"https:\/\/erguenerji.com\/index.php?rest_route=\/wp\/v2\/users\/1"}],"replies":[{"embeddable":true,"href":"https:\/\/erguenerji.com\/index.php?rest_route=%2Fwp%2Fv2%2Fcomments&post=9814"}],"version-history":[{"count":13,"href":"https:\/\/erguenerji.com\/index.php?rest_route=\/wp\/v2\/pages\/9814\/revisions"}],"predecessor-version":[{"id":10539,"href":"https:\/\/erguenerji.com\/index.php?rest_route=\/wp\/v2\/pages\/9814\/revisions\/10539"}],"up":[{"embeddable":true,"href":"https:\/\/erguenerji.com\/index.php?rest_route=\/wp\/v2\/pages\/9761"}],"wp:attachment":[{"href":"https:\/\/erguenerji.com\/index.php?rest_route=%2Fwp%2Fv2%2Fmedia&parent=9814"}],"curies":[{"name":"wp","href":"https:\/\/api.w.org\/{rel}","templated":true}]}}